{"id":29,"date":"2022-09-26T15:38:46","date_gmt":"2022-09-26T15:38:46","guid":{"rendered":"https:\/\/val-hala.com\/grupo\/?page_id=29"},"modified":"2022-10-04T16:55:20","modified_gmt":"2022-10-04T16:55:20","slug":"construcao-e-servicos","status":"publish","type":"page","link":"https:\/\/val-hala.com\/grupo\/construcao-e-servicos\/","title":{"rendered":"Constru\u00e7\u00e3o e Servi\u00e7os"},"content":{"rendered":"<section class=\"l-section wpb_row height_auto\"><div class=\"l-section-h i-cf\"><div class=\"g-cols vc_row via_grid cols_1 laptops-cols_inherit tablets-cols_inherit mobiles-cols_1 valign_top type_default stacking_default\"><div class=\"wpb_column vc_column_container\"><div class=\"vc_column-inner\"><div class=\"w-separator size_custom\" style=\"height:18px\"><\/div><\/div><\/div><\/div><\/div><\/section><section class=\"l-section wpb_row us_custom_d51bdb65 height_auto\"><div class=\"l-section-h i-cf\"><div class=\"g-cols vc_row via_grid cols_1 laptops-cols_inherit tablets-cols_inherit mobiles-cols_1 valign_middle type_default stacking_default\"><div class=\"wpb_column vc_column_container\"><div class=\"vc_column-inner\"><h2 class=\"w-post-elm post_title us_custom_3b6ec893 has_text_color align_center entry-title color_link_inherit\">Constru\u00e7\u00e3o e Servi\u00e7os<\/h2><div class=\"w-separator us_custom_66abc5cc has_text_color size_custom with_line width_default thick_1 style_solid color_text align_center\" style=\"height:\"><div class=\"w-separator-h\"><\/div><\/div><\/div><\/div><\/div><\/div><\/section><section class=\"l-section wpb_row us_custom_334fe052 height_auto\"><div class=\"l-section-h i-cf\"><div class=\"g-cols vc_row via_grid cols_1 laptops-cols_inherit tablets-cols_inherit mobiles-cols_1 valign_top type_default stacking_default\"><div class=\"wpb_column vc_column_container\"><div class=\"vc_column-inner\"><div class=\"w-text us_custom_642a3480 has_text_color\"><span class=\"w-text-h\"><span class=\"w-text-value\">Dispomos de equipas especializadas em:<\/span><\/span><\/div><\/div><\/div><\/div><\/div><\/section><section class=\"l-section wpb_row us_custom_a3e60fa8 height_auto\"><div class=\"l-section-h i-cf\"><div class=\"g-cols vc_row via_grid cols_1 laptops-cols_inherit tablets-cols_inherit mobiles-cols_1 valign_top type_default stacking_default\"><div class=\"wpb_column vc_column_container\"><div class=\"vc_column-inner\"><div class=\"g-cols wpb_row via_grid cols_3 laptops-cols_inherit tablets-cols_inherit mobiles-cols_1 valign_top type_default stacking_default\"><div class=\"wpb_column vc_column_container\"><div class=\"vc_column-inner\"><div class=\"w-ibanner us_custom_a39d6750 has_text_color animation_caeros ratio_1x1 easing_ease\"><div class=\"w-ibanner-h\"><div class=\"w-ibanner-image\" style=\"background-image: url(https:\/\/val-hala.com\/grupo\/wp-content\/uploads\/2022\/10\/vh22_const-serv_1-deg.jpg)\"><\/div><div class=\"w-ibanner-content\"><div class=\"w-ibanner-content-h\"><span class=\"w-ibanner-title\" style=\"font-size:1.4rem;\">Arquitetura e Engenharia<\/span><div class=\"w-ibanner-desc\"><\/div><\/div><\/div><\/div><\/div><\/div><\/div><div class=\"wpb_column vc_column_container\"><div class=\"vc_column-inner\"><div class=\"w-ibanner us_custom_a39d6750 has_text_color animation_caeros ratio_1x1 easing_ease\"><div class=\"w-ibanner-h\"><div class=\"w-ibanner-image\" style=\"background-image: url(https:\/\/val-hala.com\/grupo\/wp-content\/uploads\/2022\/10\/vh22_const-serv_2-deg.jpg)\"><\/div><div class=\"w-ibanner-content\"><div class=\"w-ibanner-content-h\"><span class=\"w-ibanner-title\" style=\"font-size:1.4rem;\">Constru\u00e7\u00e3o de Moradias<\/span><div class=\"w-ibanner-desc\"><\/div><\/div><\/div><\/div><\/div><\/div><\/div><div class=\"wpb_column vc_column_container\"><div class=\"vc_column-inner\"><div class=\"w-ibanner us_custom_a39d6750 has_text_color animation_caeros ratio_1x1 easing_ease\"><div class=\"w-ibanner-h\"><div class=\"w-ibanner-image\" style=\"background-image: url(https:\/\/val-hala.com\/grupo\/wp-content\/uploads\/2022\/10\/vh22_const-serv_3-deg.jpg)\"><\/div><div class=\"w-ibanner-content\"><div class=\"w-ibanner-content-h\"><span class=\"w-ibanner-title\" style=\"font-size:1.4rem;\">Constru\u00e7\u00e3o de Edif\u00edcios<\/span><div class=\"w-ibanner-desc\"><\/div><\/div><\/div><\/div><\/div><\/div><\/div><\/div><div class=\"g-cols wpb_row via_grid cols_3 laptops-cols_inherit tablets-cols_inherit mobiles-cols_1 valign_top type_default stacking_default\"><div class=\"wpb_column vc_column_container\"><div class=\"vc_column-inner\"><div class=\"w-ibanner us_custom_a39d6750 has_text_color animation_caeros ratio_1x1 easing_ease\"><div class=\"w-ibanner-h\"><div class=\"w-ibanner-image\" style=\"background-image: url(https:\/\/val-hala.com\/grupo\/wp-content\/uploads\/2022\/10\/vh22_const-serv_4-deg.jpg)\"><\/div><div class=\"w-ibanner-content\"><div class=\"w-ibanner-content-h\"><span class=\"w-ibanner-title\" style=\"font-size:1.4rem;\">Infraestruturas<\/span><div class=\"w-ibanner-desc\"><\/div><\/div><\/div><\/div><\/div><\/div><\/div><div class=\"wpb_column vc_column_container\"><div class=\"vc_column-inner\"><div class=\"w-ibanner us_custom_a39d6750 has_text_color animation_caeros ratio_1x1 easing_ease\"><div class=\"w-ibanner-h\"><div class=\"w-ibanner-image\" style=\"background-image: url(https:\/\/val-hala.com\/grupo\/wp-content\/uploads\/2022\/10\/vh22_const-serv_5-deg.jpg)\"><\/div><div class=\"w-ibanner-content\"><div class=\"w-ibanner-content-h\"><span class=\"w-ibanner-title\" style=\"font-size:1.4rem;\">Obras P\u00fablicas<\/span><div class=\"w-ibanner-desc\"><\/div><\/div><\/div><\/div><\/div><\/div><\/div><div class=\"wpb_column vc_column_container\"><div class=\"vc_column-inner\"><div class=\"w-ibanner us_custom_a39d6750 has_text_color animation_caeros ratio_1x1 easing_ease\"><div class=\"w-ibanner-h\"><div class=\"w-ibanner-image\" style=\"background-image: url(https:\/\/val-hala.com\/grupo\/wp-content\/uploads\/2022\/10\/vh22_const-serv_6-deg.jpg)\"><\/div><div class=\"w-ibanner-content\"><div class=\"w-ibanner-content-h\"><span class=\"w-ibanner-title\" style=\"font-size:1.4rem;\">Reabilita\u00e7\u00e3o e Renova\u00e7\u00e3o<\/span><div class=\"w-ibanner-desc\"><\/div><\/div><\/div><\/div><\/div><\/div><\/div><\/div><\/div><\/div><\/div><\/div><\/section><section class=\"l-section wpb_row height_auto width_full\"><div class=\"l-section-h i-cf\"><div class=\"g-cols vc_row via_grid cols_1 laptops-cols_inherit tablets-cols_inherit mobiles-cols_1 valign_top type_default stacking_default\"><div class=\"wpb_column vc_column_container\"><div class=\"vc_column-inner\"><section class=\"l-section wpb_row us_custom_aaeb396f height_auto with_img\"><div class=\"l-section-img\" style=\"background-image: url(https:\/\/val-hala.com\/grupo\/wp-content\/uploads\/2022\/09\/vh22_whitepattern_1.png);background-position: top center;background-repeat: repeat-x;background-size: auto;\" data-img-width=\"106\" data-img-height=\"301\"><\/div><div class=\"l-section-h i-cf\"><div class=\"g-cols vc_row via_grid cols_custom laptops-cols_inherit tablets-cols_inherit mobiles-cols_1 valign_top type_default stacking_default\" style=\"--custom-columns:1fr 4fr 1fr \"><div class=\"wpb_column vc_column_container\"><div class=\"vc_column-inner\"><\/div><\/div><div class=\"wpb_column vc_column_container us_custom_d9c3fcee has_bg_color\"><div class=\"vc_column-inner\"><div class=\"w-text us_custom_2fbc034d has_text_color us_animate_this\"><span class=\"w-text-h\"><span class=\"w-text-value\">Vamos falar do seu im\u00f3vel?<\/span><\/span><\/div><div class=\"wpb_text_column us_custom_9b487ae5\"><div class=\"wpb_wrapper\"><p>Agende uma reuni\u00e3o connosco, sem compromisso!<\/p>\n<\/div><\/div>[dhvc_form id=&#8221;156&#8243;]<\/div><\/div><div class=\"wpb_column vc_column_container\"><div class=\"vc_column-inner\"><\/div><\/div><\/div><\/div><\/section>\n<\/div><\/div><\/div><\/div><\/section>\n","protected":false},"excerpt":{"rendered":"Constru\u00e7\u00e3o e Servi\u00e7osDispomos de equipas especializadas em:Arquitetura e EngenhariaConstru\u00e7\u00e3o de MoradiasConstru\u00e7\u00e3o de Edif\u00edciosInfraestruturasObras P\u00fablicasReabilita\u00e7\u00e3o e Renova\u00e7\u00e3oVamos falar do seu im\u00f3vel?Agende uma reuni\u00e3o connosco, sem compromisso! [dhvc_form id=&#8221;156&#8243;]","protected":false},"author":1,"featured_media":0,"parent":0,"menu_order":0,"comment_status":"closed","ping_status":"closed","template":"","meta":{"inline_featured_image":false},"_links":{"self":[{"href":"https:\/\/val-hala.com\/grupo\/wp-json\/wp\/v2\/pages\/29"}],"collection":[{"href":"https:\/\/val-hala.com\/grupo\/wp-json\/wp\/v2\/pages"}],"about":[{"href":"https:\/\/val-hala.com\/grupo\/wp-json\/wp\/v2\/types\/page"}],"author":[{"embeddable":true,"href":"https:\/\/val-hala.com\/grupo\/wp-json\/wp\/v2\/users\/1"}],"replies":[{"embeddable":true,"href":"https:\/\/val-hala.com\/grupo\/wp-json\/wp\/v2\/comments?post=29"}],"version-history":[{"count":33,"href":"https:\/\/val-hala.com\/grupo\/wp-json\/wp\/v2\/pages\/29\/revisions"}],"predecessor-version":[{"id":353,"href":"https:\/\/val-hala.com\/grupo\/wp-json\/wp\/v2\/pages\/29\/revisions\/353"}],"wp:attachment":[{"href":"https:\/\/val-hala.com\/grupo\/wp-json\/wp\/v2\/media?parent=29"}],"curies":[{"name":"wp","href":"https:\/\/api.w.org\/{rel}","templated":true}]}}