{"id":27,"date":"2022-09-26T15:38:34","date_gmt":"2022-09-26T15:38:34","guid":{"rendered":"https:\/\/val-hala.com\/grupo\/?page_id=27"},"modified":"2025-03-21T12:11:39","modified_gmt":"2025-03-21T12:11:39","slug":"promocao-imobiliaria","status":"publish","type":"page","link":"https:\/\/val-hala.com\/grupo\/promocao-imobiliaria\/","title":{"rendered":"Promo\u00e7\u00e3o Imobili\u00e1ria"},"content":{"rendered":"<section class=\"l-section wpb_row height_auto\"><div class=\"l-section-h i-cf\"><div class=\"g-cols vc_row via_grid cols_1 laptops-cols_inherit tablets-cols_inherit mobiles-cols_1 valign_top type_default stacking_default\"><div class=\"wpb_column vc_column_container\"><div class=\"vc_column-inner\"><div class=\"w-separator size_custom\" style=\"height:18px\"><\/div><\/div><\/div><\/div><\/div><\/section><section class=\"l-section wpb_row us_custom_563adc97 height_auto\"><div class=\"l-section-h i-cf\"><div class=\"g-cols vc_row via_grid cols_1 laptops-cols_inherit tablets-cols_inherit mobiles-cols_1 valign_middle type_default stacking_default\"><div class=\"wpb_column vc_column_container\"><div class=\"vc_column-inner\"><h2 class=\"w-post-elm post_title us_custom_3b6ec893 has_text_color align_center entry-title color_link_inherit\">Promo\u00e7\u00e3o Imobili\u00e1ria<\/h2><div class=\"w-separator us_custom_66abc5cc has_text_color size_custom with_line width_default thick_1 style_solid color_text align_center\" style=\"height:\"><div class=\"w-separator-h\"><\/div><\/div><\/div><\/div><\/div><\/div><\/section><section class=\"l-section wpb_row us_custom_334fe052 height_auto\"><div class=\"l-section-h i-cf\"><div class=\"g-cols vc_row via_grid cols_1 laptops-cols_inherit tablets-cols_inherit mobiles-cols_1 valign_top type_default stacking_default\"><div class=\"wpb_column vc_column_container\"><div class=\"vc_column-inner\"><div class=\"w-text us_custom_642a3480 has_text_color\"><span class=\"w-text-h\"><span class=\"w-text-value\">Venha conhecer os nossos projetos e empreendimentos<\/span><\/span><\/div><\/div><\/div><\/div><\/div><\/section><section class=\"l-section wpb_row height_auto with_img parallax_ver\"><div class=\"l-section-img\" style=\"background-image: url(https:\/\/val-hala.com\/grupo\/wp-content\/uploads\/2022\/09\/vh22_fundo_3.png);background-repeat: no-repeat;background-size: auto;\" data-img-width=\"3840\" data-img-height=\"596\"><\/div><div class=\"l-section-h i-cf\"><div class=\"g-cols vc_row via_grid cols_1 laptops-cols_inherit tablets-cols_inherit mobiles-cols_1 valign_top type_default stacking_default\"><div class=\"wpb_column vc_column_container\"><div class=\"vc_column-inner\"><div class=\"w-separator size_huge\"><\/div><div class=\"w-text us_custom_895ad92b has_text_color us_animate_this\"><span class=\"w-text-h\"><span class=\"w-text-value\">EM LICENCIAMENTO<\/span><\/span><\/div><div class=\"g-cols wpb_row via_grid cols_1-4-1 laptops-cols_inherit tablets-cols_inherit mobiles-cols_1 valign_top type_default stacking_default\"><div class=\"wpb_column vc_column_container\"><div class=\"vc_column-inner\"><\/div><\/div><div class=\"wpb_column vc_column_container\"><div class=\"vc_column-inner\"><div class=\"w-grid type_grid layout_235 ratio_4x3\" id=\"us_grid_1\" data-filterable=\"true\"><style>#us_grid_1 .w-grid-item:not(:last-child){margin-bottom:1.5rem}#us_grid_1 .g-loadmore{margin-top:1.5rem}#us_grid_1 .w-grid-item-h:before{padding-bottom:75%}.layout_235 .w-grid-item-h:before{padding-bottom:100%}@media (min-width:600px){.layout_235 .w-grid-item.size_1x2 .w-grid-item-h:before{padding-bottom:calc(200% + 1.5rem + 1.5rem)}.layout_235 .w-grid-item.size_2x1 .w-grid-item-h:before{padding-bottom:calc(50% - 1.5rem * 1)}.layout_235 .w-grid-item.size_2x2 .w-grid-item-h:before{padding-bottom:calc(100% - 1.5rem * 0)}}.layout_235 .w-grid-item-h{background:#333}.layout_235 .usg_post_image_1{transition-duration:0.35s;transform-origin:50% 50%;transform:scale(1) translate(0%,0%)}.layout_235 .w-grid-item-h:hover .usg_post_image_1{transform:scale(1.1) translate(0%,0%);opacity:0.7}.layout_235 .usg_post_image_1{position:absolute!important;left:0!important;top:0!important;bottom:0!important;right:0!important}.layout_235 .usg_vwrapper_1{position:absolute!important;left:0!important;bottom:0!important;right:0!important;background:linear-gradient(transparent,rgba(30,30,30,0.8))!important;padding:4rem 2rem 1.5rem 2rem!important}.layout_235 .usg_post_title_1{color:#ffffff!important;font-size:1.6rem!important;font-weight:700!important;text-transform:uppercase!important}.layout_235 .usg_post_custom_field_1{color:var(--color-header-middle-bg)!important;font-size:1rem!important;font-weight:200!important}.layout_235 .usg_text_1{color:#ffffff!important;font-size:0.8rem!important;font-weight:200!important;margin-top:0.6rem!important}<\/style><div class=\"w-grid-list\">\t<article class=\"w-grid-item size_1x1 post-585 us_portfolio type-us_portfolio status-publish has-post-thumbnail hentry us_portfolio_category-em-destaque us_portfolio_category-licenciamento\" data-id=\"585\">\r\n\t\t<div class=\"w-grid-item-h\">\r\n\t\t\t\t\t\t<div class=\"w-post-elm post_image usg_post_image_1 stretched\"><a href=\"https:\/\/val-hala.com\/grupo\/portfolio\/empreendimento-residencial-em-oeiras\/\" aria-label=\"Empreendimento \u201cMestre de Aviz\u201d\"><img width=\"1355\" height=\"1017\" src=\"https:\/\/val-hala.com\/grupo\/wp-content\/uploads\/2023\/10\/VH_Proj_Set_edificio-oeiras-destaque.jpg\" class=\"attachment-full size-full wp-post-image\" alt=\"\" loading=\"lazy\" srcset=\"https:\/\/val-hala.com\/grupo\/wp-content\/uploads\/2023\/10\/VH_Proj_Set_edificio-oeiras-destaque.jpg 1355w, https:\/\/val-hala.com\/grupo\/wp-content\/uploads\/2023\/10\/VH_Proj_Set_edificio-oeiras-destaque-300x225.jpg 300w, https:\/\/val-hala.com\/grupo\/wp-content\/uploads\/2023\/10\/VH_Proj_Set_edificio-oeiras-destaque-1024x769.jpg 1024w\" sizes=\"(max-width: 1355px) 100vw, 1355px\" \/><\/a><\/div><div class=\"w-vwrapper usg_vwrapper_1 align_none valign_top\" style=\"--vwrapper-gap:0rem\"><h2 class=\"w-post-elm post_title usg_post_title_1 entry-title color_link_inherit\"><a href=\"https:\/\/val-hala.com\/grupo\/portfolio\/empreendimento-residencial-em-oeiras\/\">Empreendimento \u201cMestre de Aviz\u201d<\/a><\/h2><div class=\"w-post-elm post_custom_field usg_post_custom_field_1 type_text custom\"><span class=\"w-post-elm-value\">Oeiras<\/span><\/div><span class=\"w-text usg_text_1 forcelink\"><a href=\"https:\/\/val-hala.com\/grupo\/portfolio\/empreendimento-residencial-em-oeiras\/\" class=\"w-text-h\"><span class=\"w-text-value\">Conhe\u00e7a aqui<\/span><\/a><\/span><\/div>\t\t<\/div>\r\n\t<\/article>\r\n<\/div><div class=\"w-grid-preloader\"><div class=\"g-preloader type_1\">\r\n\t<div><\/div>\r\n<\/div>\r\n<\/div>\t<div class=\"w-grid-json hidden\" onclick='return {&quot;action&quot;:&quot;us_ajax_grid&quot;,&quot;ajax_url&quot;:&quot;https:\\\/\\\/val-hala.com\\\/grupo\\\/wp-admin\\\/admin-ajax.php&quot;,&quot;infinite_scroll&quot;:0,&quot;max_num_pages&quot;:2,&quot;pagination&quot;:&quot;none&quot;,&quot;permalink_url&quot;:&quot;https:\\\/\\\/val-hala.com\\\/grupo\\\/wp-json\\\/wp\\\/v2\\\/pages\\\/27&quot;,&quot;template_vars&quot;:{&quot;columns&quot;:&quot;1&quot;,&quot;exclude_items&quot;:&quot;none&quot;,&quot;img_size&quot;:&quot;default&quot;,&quot;ignore_items_size&quot;:false,&quot;items_layout&quot;:&quot;235&quot;,&quot;items_offset&quot;:&quot;1&quot;,&quot;load_animation&quot;:&quot;none&quot;,&quot;overriding_link&quot;:&quot;none&quot;,&quot;post_id&quot;:27,&quot;query_args&quot;:{&quot;post_type&quot;:[&quot;us_portfolio&quot;],&quot;tax_query&quot;:[{&quot;taxonomy&quot;:&quot;us_portfolio_category&quot;,&quot;field&quot;:&quot;slug&quot;,&quot;terms&quot;:[&quot;licenciamento&quot;]}],&quot;post_status&quot;:[&quot;publish&quot;,&quot;acf-disabled&quot;],&quot;posts_per_page&quot;:&quot;1&quot;},&quot;orderby_query_args&quot;:{&quot;orderby&quot;:{&quot;title&quot;:&quot;ASC&quot;},&quot;order&quot;:&quot;ASC&quot;},&quot;type&quot;:&quot;grid&quot;,&quot;us_grid_ajax_index&quot;:1,&quot;us_grid_filter_params&quot;:null,&quot;us_grid_index&quot;:1,&quot;_us_grid_post_type&quot;:&quot;us_portfolio&quot;}}'><\/div>\r\n\t<\/div><\/div><\/div><div class=\"wpb_column vc_column_container\"><div class=\"vc_column-inner\"><\/div><\/div><\/div><div class=\"w-separator us_custom_6d149020 size_custom\" style=\"height:\"><\/div><div class=\"w-text us_custom_895ad92b has_text_color us_animate_this\"><span class=\"w-text-h\"><span class=\"w-text-value\">EM PROJETO<\/span><\/span><\/div><div class=\"g-cols wpb_row via_grid cols_1 laptops-cols_inherit tablets-cols_inherit mobiles-cols_1 valign_top type_default stacking_default\"><div class=\"wpb_column vc_column_container\"><div class=\"vc_column-inner\"><div class=\"w-grid us_custom_eb849559 type_grid layout_235 cols_2 ratio_4x3\" id=\"us_grid_2\"><style>#us_grid_2 .w-grid-item{padding:0.7rem}#us_grid_2 .w-grid-list{margin:-0.7rem}.w-grid + #us_grid_2 .w-grid-list,.w-grid-none + #us_grid_2 .w-grid-list{margin-top:0.7rem}@media (max-width:599px){#us_grid_2 .w-grid-list{margin:0}#us_grid_2 .w-grid-item{width:100%;padding:0;margin-bottom:0.7rem}}#us_grid_2 .w-grid-item-h:before{padding-bottom:75%}<\/style><div class=\"w-grid-list\">\t<article class=\"w-grid-item size_1x1 post-595 us_portfolio type-us_portfolio status-publish has-post-thumbnail hentry us_portfolio_category-projeto\" data-id=\"595\">\r\n\t\t<div class=\"w-grid-item-h\">\r\n\t\t\t\t\t\t<div class=\"w-post-elm post_image usg_post_image_1 stretched\"><a href=\"https:\/\/val-hala.com\/grupo\/portfolio\/oeiras-golf-residence\/\" aria-label=\"Oeiras Golf &#038; Residence\"><img width=\"1355\" height=\"1017\" src=\"https:\/\/val-hala.com\/grupo\/wp-content\/uploads\/2023\/10\/VH_Proj_Set_moradia-oeiras-destaque_2.jpg\" class=\"attachment-full size-full wp-post-image\" alt=\"\" loading=\"lazy\" srcset=\"https:\/\/val-hala.com\/grupo\/wp-content\/uploads\/2023\/10\/VH_Proj_Set_moradia-oeiras-destaque_2.jpg 1355w, https:\/\/val-hala.com\/grupo\/wp-content\/uploads\/2023\/10\/VH_Proj_Set_moradia-oeiras-destaque_2-300x225.jpg 300w, https:\/\/val-hala.com\/grupo\/wp-content\/uploads\/2023\/10\/VH_Proj_Set_moradia-oeiras-destaque_2-1024x769.jpg 1024w\" sizes=\"(max-width: 1355px) 100vw, 1355px\" \/><\/a><\/div><div class=\"w-vwrapper usg_vwrapper_1 align_none valign_top\" style=\"--vwrapper-gap:0rem\"><h2 class=\"w-post-elm post_title usg_post_title_1 entry-title color_link_inherit\"><a href=\"https:\/\/val-hala.com\/grupo\/portfolio\/oeiras-golf-residence\/\">Oeiras Golf &#038; Residence<\/a><\/h2><div class=\"w-post-elm post_custom_field usg_post_custom_field_1 type_text custom\"><span class=\"w-post-elm-value\">Oeiras<\/span><\/div><span class=\"w-text usg_text_1 forcelink\"><a href=\"https:\/\/val-hala.com\/grupo\/portfolio\/oeiras-golf-residence\/\" class=\"w-text-h\"><span class=\"w-text-value\">Conhe\u00e7a aqui<\/span><\/a><\/span><\/div>\t\t<\/div>\r\n\t<\/article>\r\n\t<article class=\"w-grid-item size_1x1 post-513 us_portfolio type-us_portfolio status-publish has-post-thumbnail hentry us_portfolio_category-em-destaque us_portfolio_category-licenciamento us_portfolio_category-projeto\" data-id=\"513\">\r\n\t\t<div class=\"w-grid-item-h\">\r\n\t\t\t\t\t\t<div class=\"w-post-elm post_image usg_post_image_1 stretched\"><a href=\"https:\/\/val-hala.com\/grupo\/portfolio\/quinta-do-bispo\/\" aria-label=\"Quinta do Bispo\"><img width=\"1106\" height=\"830\" src=\"https:\/\/val-hala.com\/grupo\/wp-content\/uploads\/2023\/08\/vh22_qtabispo_featured_2.jpg\" class=\"attachment-full size-full wp-post-image\" alt=\"\" loading=\"lazy\" srcset=\"https:\/\/val-hala.com\/grupo\/wp-content\/uploads\/2023\/08\/vh22_qtabispo_featured_2.jpg 1106w, https:\/\/val-hala.com\/grupo\/wp-content\/uploads\/2023\/08\/vh22_qtabispo_featured_2-300x225.jpg 300w, https:\/\/val-hala.com\/grupo\/wp-content\/uploads\/2023\/08\/vh22_qtabispo_featured_2-1024x768.jpg 1024w\" sizes=\"(max-width: 1106px) 100vw, 1106px\" \/><\/a><\/div><div class=\"w-vwrapper usg_vwrapper_1 align_none valign_top\" style=\"--vwrapper-gap:0rem\"><h2 class=\"w-post-elm post_title usg_post_title_1 entry-title color_link_inherit\"><a href=\"https:\/\/val-hala.com\/grupo\/portfolio\/quinta-do-bispo\/\">Quinta do Bispo<\/a><\/h2><div class=\"w-post-elm post_custom_field usg_post_custom_field_1 type_text custom\"><span class=\"w-post-elm-value\">Portim\u00e3o<\/span><\/div><span class=\"w-text usg_text_1 forcelink\"><a href=\"https:\/\/val-hala.com\/grupo\/portfolio\/quinta-do-bispo\/\" class=\"w-text-h\"><span class=\"w-text-value\">Conhe\u00e7a aqui<\/span><\/a><\/span><\/div>\t\t<\/div>\r\n\t<\/article>\r\n<\/div><div class=\"w-grid-preloader\"><div class=\"g-preloader type_1\">\r\n\t<div><\/div>\r\n<\/div>\r\n<\/div>\t<div class=\"w-grid-json hidden\" onclick='return {&quot;action&quot;:&quot;us_ajax_grid&quot;,&quot;ajax_url&quot;:&quot;https:\\\/\\\/val-hala.com\\\/grupo\\\/wp-admin\\\/admin-ajax.php&quot;,&quot;infinite_scroll&quot;:0,&quot;max_num_pages&quot;:1,&quot;pagination&quot;:&quot;none&quot;,&quot;permalink_url&quot;:&quot;https:\\\/\\\/val-hala.com\\\/grupo\\\/wp-json\\\/wp\\\/v2\\\/pages\\\/27&quot;,&quot;template_vars&quot;:{&quot;columns&quot;:&quot;2&quot;,&quot;exclude_items&quot;:&quot;none&quot;,&quot;img_size&quot;:&quot;default&quot;,&quot;ignore_items_size&quot;:false,&quot;items_layout&quot;:&quot;235&quot;,&quot;items_offset&quot;:&quot;1&quot;,&quot;load_animation&quot;:&quot;none&quot;,&quot;overriding_link&quot;:&quot;none&quot;,&quot;post_id&quot;:585,&quot;query_args&quot;:{&quot;post_type&quot;:[&quot;us_portfolio&quot;],&quot;tax_query&quot;:[{&quot;taxonomy&quot;:&quot;us_portfolio_category&quot;,&quot;field&quot;:&quot;slug&quot;,&quot;terms&quot;:[&quot;projeto&quot;]}],&quot;post_status&quot;:[&quot;publish&quot;,&quot;acf-disabled&quot;],&quot;posts_per_page&quot;:&quot;3&quot;},&quot;orderby_query_args&quot;:{&quot;orderby&quot;:{&quot;title&quot;:&quot;ASC&quot;},&quot;order&quot;:&quot;ASC&quot;},&quot;type&quot;:&quot;grid&quot;,&quot;us_grid_ajax_index&quot;:1,&quot;us_grid_filter_params&quot;:null,&quot;us_grid_index&quot;:2,&quot;_us_grid_post_type&quot;:&quot;us_portfolio&quot;}}'><\/div>\r\n\t<\/div><\/div><\/div><\/div><div class=\"w-separator us_custom_6d149020 size_custom\" style=\"height:\"><\/div><div class=\"g-cols wpb_row via_grid cols_1 laptops-cols_inherit tablets-cols_inherit mobiles-cols_1 valign_top type_default stacking_default\"><div class=\"wpb_column vc_column_container\"><div class=\"vc_column-inner\"><div class=\"w-text us_custom_895ad92b has_text_color us_animate_this\"><span class=\"w-text-h\"><span class=\"w-text-value\">EM OBRA<\/span><\/span><\/div><div class=\"w-grid type_grid layout_235 no_results_hide_grid cols_2 ratio_4x3\" id=\"us_grid_3\"><style>#us_grid_3 .w-grid-item{padding:0.7rem}#us_grid_3 .w-grid-list{margin:-0.7rem}.w-grid + #us_grid_3 .w-grid-list,.w-grid-none + #us_grid_3 .w-grid-list{margin-top:0.7rem}@media (max-width:599px){#us_grid_3 .w-grid-list{margin:0}#us_grid_3 .w-grid-item{width:100%;padding:0;margin-bottom:0.7rem}}#us_grid_3 .w-grid-item-h:before{padding-bottom:75%}<\/style><div class=\"w-grid-list\"><\/div><div class=\"w-grid-preloader\"><div class=\"g-preloader type_1\">\r\n\t<div><\/div>\r\n<\/div>\r\n<\/div>\t<div class=\"w-grid-json hidden\" onclick='return {&quot;action&quot;:&quot;us_ajax_grid&quot;,&quot;ajax_url&quot;:&quot;https:\\\/\\\/val-hala.com\\\/grupo\\\/wp-admin\\\/admin-ajax.php&quot;,&quot;infinite_scroll&quot;:0,&quot;max_num_pages&quot;:0,&quot;pagination&quot;:&quot;none&quot;,&quot;permalink_url&quot;:&quot;https:\\\/\\\/val-hala.com\\\/grupo\\\/wp-json\\\/wp\\\/v2\\\/pages\\\/27&quot;,&quot;template_vars&quot;:{&quot;columns&quot;:&quot;2&quot;,&quot;exclude_items&quot;:&quot;none&quot;,&quot;img_size&quot;:&quot;default&quot;,&quot;ignore_items_size&quot;:false,&quot;items_layout&quot;:&quot;235&quot;,&quot;items_offset&quot;:&quot;1&quot;,&quot;load_animation&quot;:&quot;none&quot;,&quot;overriding_link&quot;:&quot;none&quot;,&quot;post_id&quot;:513,&quot;query_args&quot;:{&quot;post_type&quot;:[&quot;us_portfolio&quot;],&quot;tax_query&quot;:[{&quot;taxonomy&quot;:&quot;us_portfolio_category&quot;,&quot;field&quot;:&quot;slug&quot;,&quot;terms&quot;:[&quot;obra&quot;]}],&quot;post_status&quot;:[&quot;publish&quot;,&quot;acf-disabled&quot;],&quot;posts_per_page&quot;:&quot;2&quot;},&quot;orderby_query_args&quot;:{&quot;orderby&quot;:{&quot;title&quot;:&quot;ASC&quot;},&quot;order&quot;:&quot;ASC&quot;},&quot;type&quot;:&quot;grid&quot;,&quot;us_grid_ajax_index&quot;:1,&quot;us_grid_filter_params&quot;:null,&quot;us_grid_index&quot;:3,&quot;_us_grid_post_type&quot;:&quot;us_portfolio&quot;}}'><\/div>\r\n\t<\/div><div class=\"w-grid-none type_message\">Nenhum resultado encontrado.<\/div><\/div><\/div><\/div><div class=\"w-separator us_custom_6d149020 size_custom\" style=\"height:\"><\/div><div class=\"g-cols wpb_row via_grid cols_1 laptops-cols_inherit tablets-cols_inherit mobiles-cols_1 valign_top type_default stacking_default\"><div class=\"wpb_column vc_column_container\"><div class=\"vc_column-inner\"><div class=\"w-text us_custom_895ad92b has_text_color us_animate_this\"><span class=\"w-text-h\"><span class=\"w-text-value\">CONCLU\u00cdDA<\/span><\/span><\/div><\/div><\/div><\/div><div class=\"g-cols wpb_row via_grid cols_1-4-1 laptops-cols_inherit tablets-cols_inherit mobiles-cols_1 valign_top type_default stacking_default\"><div class=\"wpb_column vc_column_container\"><div class=\"vc_column-inner\"><\/div><\/div><div class=\"wpb_column vc_column_container\"><div class=\"vc_column-inner\"><div class=\"w-grid type_grid layout_235 ratio_4x3\" id=\"us_grid_4\"><style>#us_grid_4 .w-grid-item:not(:last-child){margin-bottom:1.5rem}#us_grid_4 .g-loadmore{margin-top:1.5rem}#us_grid_4 .w-grid-item-h:before{padding-bottom:75%}<\/style><div class=\"w-grid-list\">\t<article class=\"w-grid-item size_1x1 post-554 us_portfolio type-us_portfolio status-publish has-post-thumbnail hentry us_portfolio_category-concluida us_portfolio_category-em-destaque\" data-id=\"554\">\r\n\t\t<div class=\"w-grid-item-h\">\r\n\t\t\t\t\t\t<div class=\"w-post-elm post_image usg_post_image_1 stretched\"><a href=\"https:\/\/val-hala.com\/grupo\/portfolio\/moradia-santa-iria-da-azoia\/\" aria-label=\"Moradia Santa Iria da Azoia\"><img width=\"1600\" height=\"1201\" src=\"https:\/\/val-hala.com\/grupo\/wp-content\/uploads\/2023\/08\/vhsta_iria_azoia_1c.jpg\" class=\"attachment-full size-full wp-post-image\" alt=\"\" loading=\"lazy\" srcset=\"https:\/\/val-hala.com\/grupo\/wp-content\/uploads\/2023\/08\/vhsta_iria_azoia_1c.jpg 1600w, https:\/\/val-hala.com\/grupo\/wp-content\/uploads\/2023\/08\/vhsta_iria_azoia_1c-300x225.jpg 300w, https:\/\/val-hala.com\/grupo\/wp-content\/uploads\/2023\/08\/vhsta_iria_azoia_1c-1024x769.jpg 1024w\" sizes=\"(max-width: 1600px) 100vw, 1600px\" \/><\/a><\/div><div class=\"w-vwrapper usg_vwrapper_1 align_none valign_top\" style=\"--vwrapper-gap:0rem\"><h2 class=\"w-post-elm post_title usg_post_title_1 entry-title color_link_inherit\"><a href=\"https:\/\/val-hala.com\/grupo\/portfolio\/moradia-santa-iria-da-azoia\/\">Moradia Santa Iria da Azoia<\/a><\/h2><div class=\"w-post-elm post_custom_field usg_post_custom_field_1 type_text custom\"><span class=\"w-post-elm-value\">Loures, Bairro do Cativo<\/span><\/div><span class=\"w-text usg_text_1 forcelink\"><a href=\"https:\/\/val-hala.com\/grupo\/portfolio\/moradia-santa-iria-da-azoia\/\" class=\"w-text-h\"><span class=\"w-text-value\">Conhe\u00e7a aqui<\/span><\/a><\/span><\/div>\t\t<\/div>\r\n\t<\/article>\r\n<\/div><div class=\"w-grid-preloader\"><div class=\"g-preloader type_1\">\r\n\t<div><\/div>\r\n<\/div>\r\n<\/div>\t<div class=\"w-grid-json hidden\" onclick='return {&quot;action&quot;:&quot;us_ajax_grid&quot;,&quot;ajax_url&quot;:&quot;https:\\\/\\\/val-hala.com\\\/grupo\\\/wp-admin\\\/admin-ajax.php&quot;,&quot;infinite_scroll&quot;:0,&quot;max_num_pages&quot;:1,&quot;pagination&quot;:&quot;none&quot;,&quot;permalink_url&quot;:&quot;https:\\\/\\\/val-hala.com\\\/grupo\\\/wp-json\\\/wp\\\/v2\\\/pages\\\/27&quot;,&quot;template_vars&quot;:{&quot;columns&quot;:&quot;1&quot;,&quot;exclude_items&quot;:&quot;none&quot;,&quot;img_size&quot;:&quot;default&quot;,&quot;ignore_items_size&quot;:false,&quot;items_layout&quot;:&quot;235&quot;,&quot;items_offset&quot;:&quot;1&quot;,&quot;load_animation&quot;:&quot;none&quot;,&quot;overriding_link&quot;:&quot;none&quot;,&quot;post_id&quot;:513,&quot;query_args&quot;:{&quot;post_type&quot;:[&quot;us_portfolio&quot;],&quot;tax_query&quot;:[{&quot;taxonomy&quot;:&quot;us_portfolio_category&quot;,&quot;field&quot;:&quot;slug&quot;,&quot;terms&quot;:[&quot;concluida&quot;]}],&quot;post_status&quot;:[&quot;publish&quot;,&quot;acf-disabled&quot;],&quot;posts_per_page&quot;:&quot;1&quot;},&quot;orderby_query_args&quot;:{&quot;orderby&quot;:{&quot;title&quot;:&quot;ASC&quot;},&quot;order&quot;:&quot;ASC&quot;},&quot;type&quot;:&quot;grid&quot;,&quot;us_grid_ajax_index&quot;:2,&quot;us_grid_filter_params&quot;:null,&quot;us_grid_index&quot;:4,&quot;_us_grid_post_type&quot;:&quot;us_portfolio&quot;}}'><\/div>\r\n\t<\/div><\/div><\/div><div class=\"wpb_column vc_column_container\"><div class=\"vc_column-inner\"><\/div><\/div><\/div><div class=\"w-separator size_huge\"><\/div><\/div><\/div><\/div><\/div><\/section><section class=\"l-section wpb_row height_auto width_full\"><div class=\"l-section-h i-cf\"><div class=\"g-cols vc_row via_grid cols_1 laptops-cols_inherit tablets-cols_inherit mobiles-cols_1 valign_top type_default stacking_default\"><div class=\"wpb_column vc_column_container\"><div class=\"vc_column-inner\"><section class=\"l-section wpb_row us_custom_aaeb396f height_auto with_img\"><div class=\"l-section-img\" style=\"background-image: url(https:\/\/val-hala.com\/grupo\/wp-content\/uploads\/2022\/09\/vh22_whitepattern_1.png);background-position: top center;background-repeat: repeat-x;background-size: auto;\" data-img-width=\"106\" data-img-height=\"301\"><\/div><div class=\"l-section-h i-cf\"><div class=\"g-cols vc_row via_grid cols_custom laptops-cols_inherit tablets-cols_inherit mobiles-cols_1 valign_top type_default stacking_default\" style=\"--custom-columns:1fr 4fr 1fr \"><div class=\"wpb_column vc_column_container\"><div class=\"vc_column-inner\"><\/div><\/div><div class=\"wpb_column vc_column_container us_custom_d9c3fcee has_bg_color\"><div class=\"vc_column-inner\"><div class=\"w-text us_custom_2fbc034d has_text_color us_animate_this\"><span class=\"w-text-h\"><span class=\"w-text-value\">Vamos falar do seu im\u00f3vel?<\/span><\/span><\/div><div class=\"wpb_text_column us_custom_9b487ae5\"><div class=\"wpb_wrapper\"><p>Agende uma reuni\u00e3o connosco, sem compromisso!<\/p>\n<\/div><\/div>[dhvc_form id=&#8221;156&#8243;]<\/div><\/div><div class=\"wpb_column vc_column_container\"><div class=\"vc_column-inner\"><\/div><\/div><\/div><\/div><\/section>\n<\/div><\/div><\/div><\/div><\/section>\n","protected":false},"excerpt":{"rendered":"PROJETOvhsta_iria_azoia_7PROJETOvhsta_iria_azoia_7 Localiza\u00e7\u00e3oLoures, Santa Iria da Azoia, Bairro do Cativo TipologiaMoradia T4 com garagem e piscina, 175 m2 Santa Maria da Azoia, localiza-se em Loures, \u00e9 o palco ideal para o emocionante surgimento de uma moradia contempor\u00e2nea em constru\u00e7\u00e3o. Combinando a rica heran\u00e7a hist\u00f3rica da regi\u00e3o com as mais recentes tend\u00eancias arquitect\u00f3nicas, esta nova constru\u00e7\u00e3o promete...","protected":false},"author":1,"featured_media":0,"parent":0,"menu_order":0,"comment_status":"closed","ping_status":"closed","template":"","meta":{"inline_featured_image":false},"_links":{"self":[{"href":"https:\/\/val-hala.com\/grupo\/wp-json\/wp\/v2\/pages\/27"}],"collection":[{"href":"https:\/\/val-hala.com\/grupo\/wp-json\/wp\/v2\/pages"}],"about":[{"href":"https:\/\/val-hala.com\/grupo\/wp-json\/wp\/v2\/types\/page"}],"author":[{"embeddable":true,"href":"https:\/\/val-hala.com\/grupo\/wp-json\/wp\/v2\/users\/1"}],"replies":[{"embeddable":true,"href":"https:\/\/val-hala.com\/grupo\/wp-json\/wp\/v2\/comments?post=27"}],"version-history":[{"count":27,"href":"https:\/\/val-hala.com\/grupo\/wp-json\/wp\/v2\/pages\/27\/revisions"}],"predecessor-version":[{"id":662,"href":"https:\/\/val-hala.com\/grupo\/wp-json\/wp\/v2\/pages\/27\/revisions\/662"}],"wp:attachment":[{"href":"https:\/\/val-hala.com\/grupo\/wp-json\/wp\/v2\/media?parent=27"}],"curies":[{"name":"wp","href":"https:\/\/api.w.org\/{rel}","templated":true}]}}